{"id":12,"date":"2017-03-02T16:39:42","date_gmt":"2017-03-02T15:39:42","guid":{"rendered":"http:\/\/www.cherubim-gilde.de\/wordpress\/?page_id=12"},"modified":"2024-07-06T13:23:58","modified_gmt":"2024-07-06T11:23:58","slug":"front-page","status":"publish","type":"page","link":"http:\/\/www.cherubim-gilde.de\/wordpress\/","title":{"rendered":"Front Page"},"content":{"rendered":"<div id=\"pl-12\" class=\"panel-layout\">\n<div id=\"pg-12-0\" class=\"panel-grid panel-has-style\" data-style=\"{&quot;background&quot;:&quot;#1c1c1c&quot;,&quot;row_stretch&quot;:&quot;full&quot;,&quot;align&quot;:&quot;&quot;,&quot;overlay&quot;:&quot;&quot;,&quot;overlay_color&quot;:&quot;#000000&quot;}\">\n<div class=\"siteorigin-panels-stretch panel-row-style panel-row-style-for-12-0\" style=\"padding: 100px 0;\" data-stretch-type=\"full\" data-overlay=\"true\" data-overlay-color=\"#000000\">\n<div id=\"pgc-12-0-0\" class=\"panel-grid-cell\" data-weight=\"0.750000001875\">\n<div id=\"panel-12-0-0-0\" class=\"so-panel widget widget_sow-editor panel-first-child panel-last-child\" data-index=\"0\" data-style=\"{&quot;background_display&quot;:&quot;tile&quot;,&quot;content_alignment&quot;:&quot;left&quot;,&quot;title_color&quot;:&quot;#443f3f&quot;,&quot;headings_color&quot;:&quot;#443f3f&quot;}\">\n<div class=\"panel-widget-style panel-widget-style-for-12-0-0-0\" style=\"text-align: left;\" data-title-color=\"#443f3f\" data-headings-color=\"#443f3f\">\n<h1><a href=\"http:\/\/www.cherubim-gilde.de\/wordpress\/wp-content\/uploads\/2017\/05\/cherub6.png\"><img loading=\"lazy\" decoding=\"async\" class=\"alignnone size-full wp-image-628\" src=\"http:\/\/www.cherubim-gilde.de\/wordpress\/wp-content\/uploads\/2017\/05\/cherub6.png\" alt=\"\" width=\"550\" height=\"362\" srcset=\"http:\/\/www.cherubim-gilde.de\/wordpress\/wp-content\/uploads\/2017\/05\/cherub6.png 550w, http:\/\/www.cherubim-gilde.de\/wordpress\/wp-content\/uploads\/2017\/05\/cherub6-300x197.png 300w, http:\/\/www.cherubim-gilde.de\/wordpress\/wp-content\/uploads\/2017\/05\/cherub6-230x151.png 230w, http:\/\/www.cherubim-gilde.de\/wordpress\/wp-content\/uploads\/2017\/05\/cherub6-350x230.png 350w, http:\/\/www.cherubim-gilde.de\/wordpress\/wp-content\/uploads\/2017\/05\/cherub6-480x316.png 480w\" sizes=\"auto, (max-width: 550px) 100vw, 550px\" \/><\/a><\/h1>\n<div><\/div>\n<div><\/div>\n<p class=\"so-widget-sow-editor so-widget-sow-editor-base\"><span style=\"color: #00102e; font-size: 32px;\">Wer sind (waren) wir Cherubim`s eigentlich?<\/span><\/p>\n<div class=\"so-widget-sow-editor so-widget-sow-editor-base\">\n<div class=\"siteorigin-widget-tinymce textwidget\">\n<p>Der Name \u201eCherubim\u201c steht f\u00fcr Engel mit einem h\u00f6heren Rang, die f\u00fcr besondere Aufgaben herangezogen wurden.<br \/>\nGegr\u00fcndet wurde die Gilde im Oktober 2008 und zuhause sind wir auf dem europ\u00e4ischem Realm Thrall.<\/p>\n<p>Unsere besondere Aufgabe besteht darin, dass wir auf der einen Seite eine Gemeinschaft mit freundschaftlichem Umgang bilden und auf der anderen Seite mit dem n\u00f6tigen Ehrgeiz vorankommen wollen.<\/p>\n<p>Wir sind vor allem eine Feierabend- und Wochenendgilde.\u00a0Unser Ziel ist es den aktuellen\u00a0Content\u00a0auf heroisch zu Clearen.<br \/>\n\u00dcber ambitionierte ehemalige Progressraider, Familienv\u00e4ter und M\u00fctter bis hin zum casualspielenden Schichtarbeiter ist bei uns alles vorhanden.<\/p>\n<p>Das Wichtigste bei uns in der Gilde ist, dass man sich gegenseitig mit Respekt behandelt, da man gemeinsam seinem Hobby nachkommt, um ein paar Stunden dem Alltag zu entfliehen.<\/p>\n<\/div>\n<\/div>\n<\/div>\n<\/div>\n<\/div>\n<\/div>\n<\/div>\n<\/div>\n","protected":false},"excerpt":{"rendered":"<p>Wer sind (waren) wir Cherubim`s eigentlich? Der Name \u201eCherubim\u201c steht [&hellip;]<\/p>\n","protected":false},"author":1,"featured_media":0,"parent":0,"menu_order":0,"comment_status":"closed","ping_status":"closed","template":"page-templates\/page_front-page.php","meta":{"footnotes":""},"class_list":["post-12","page","type-page","status-publish","hentry"],"_links":{"self":[{"href":"http:\/\/www.cherubim-gilde.de\/wordpress\/wp-json\/wp\/v2\/pages\/12","targetHints":{"allow":["GET"]}}],"collection":[{"href":"http:\/\/www.cherubim-gilde.de\/wordpress\/wp-json\/wp\/v2\/pages"}],"about":[{"href":"http:\/\/www.cherubim-gilde.de\/wordpress\/wp-json\/wp\/v2\/types\/page"}],"author":[{"embeddable":true,"href":"http:\/\/www.cherubim-gilde.de\/wordpress\/wp-json\/wp\/v2\/users\/1"}],"replies":[{"embeddable":true,"href":"http:\/\/www.cherubim-gilde.de\/wordpress\/wp-json\/wp\/v2\/comments?post=12"}],"version-history":[{"count":68,"href":"http:\/\/www.cherubim-gilde.de\/wordpress\/wp-json\/wp\/v2\/pages\/12\/revisions"}],"predecessor-version":[{"id":1411,"href":"http:\/\/www.cherubim-gilde.de\/wordpress\/wp-json\/wp\/v2\/pages\/12\/revisions\/1411"}],"wp:attachment":[{"href":"http:\/\/www.cherubim-gilde.de\/wordpress\/wp-json\/wp\/v2\/media?parent=12"}],"curies":[{"name":"wp","href":"https:\/\/api.w.org\/{rel}","templated":true}]}}